{"id":1936,"date":"2026-03-19T09:26:08","date_gmt":"2026-03-19T09:26:08","guid":{"rendered":"https:\/\/masseriacappella.com\/?page_id=1936"},"modified":"2026-04-07T10:03:32","modified_gmt":"2026-04-07T10:03:32","slug":"lhistoire-de-la-masseria","status":"publish","type":"page","link":"https:\/\/masseriacappella.com\/fr\/la-storia-della-masseria\/","title":{"rendered":"L'histoire de la Masseria"},"content":{"rendered":"<section class=\"bde-section-1936-100 bde-section\">\n              \n  \n  \n\t\n\n  <div class=\"section-background-overlay\"><\/div>\n\n\n<div class=\"section-container\"><div class=\"bde-div-1936-101 bde-div\">\n  \n  \n\t\n\n\n\n<div class=\"bde-text-1936-138 bde-text\">\nRacines Profondes, Regard vers l'Avenir\n<\/div><h1 class=\"bde-heading-1936-102 bde-heading\">\nNotre histoire\n<\/h1><div class=\"bde-text-1936-103 bde-text\">\nL'histoire de Masseria Cappella est intrins\u00e8quement li\u00e9e \u00e0 la d\u00e9votion et aux traditions de la r\u00e9gion des Pouilles.\n<\/div>\n<\/div><\/div>\n<\/section><section id=\"scroll\" class=\"bde-section-1936-105 bde-section\">\n  \n  \n\t\n\n\n\n<div class=\"section-container\"><div class=\"bde-columns-1936-106 bde-columns\"><div class=\"bde-column-1936-107 bde-column\">\n  \n  \n\t\n\n\n\n<h3 class=\"bde-heading-1936-108 bde-heading\">\nL'histoire et l'origine du nom\n<\/h3><div class=\"bde-rich-text-1936-109 bde-rich-text breakdance-rich-text-styles\">\n<p>Le nom m\u00eame de la structure n'est pas le fruit du hasard, mais puise ses racines dans une particularit\u00e9 architecturale et linguistique locale. Dans le dialecte de notre territoire, en effet, le terme <strong>\"Chapelle\"<\/strong> il est utilis\u00e9 pour indiquer un lieu de culte priv\u00e9, qu'il soit rural ou urbain.<\/p>\n<p>Le c\u0153ur battant de notre ferme est justement la petite \u00e9glise int\u00e9rieure, <strong>construite en 1825<\/strong> et est encore consacr\u00e9e. Ce joyau architectural, r\u00e9alis\u00e9 avec \u00e9l\u00e9gance <strong>style n\u00e9oclassique<\/strong>, t\u00e9moigne de l'importance que la spiritualit\u00e9 et la vie communautaire rev\u00eataient pour les anciennes familles masserizes. \u00c0 cette \u00e9poque, l'agro de Martina Franca vivait une saison de grande splendeur : les masseries n'\u00e9taient plus de simples centres de production ou des structures d\u00e9fensives, mais \u00e9voluaient en de v\u00e9ritables microcosmes sociaux et en recherch\u00e9es r\u00e9sidences seigneuriales aux fa\u00e7ades monumentales.<\/p>\n<\/div>\n<\/div><div class=\"bde-column-1936-111 bde-column\">\n  \n  \n\t\n\n\n\n\n<\/div><\/div><div class=\"bde-columns-1936-142 bde-columns\"><div class=\"bde-column-1936-143 bde-column\">\n  \n  \n\t\n\n\n\n\n<\/div><div class=\"bde-column-1936-144 bde-column\">\n  \n  \n\t\n\n\n\n<h3 class=\"bde-heading-1936-113 bde-heading\">\nUn h\u00e9ritage familial et de la passion\n<\/h3><div class=\"bde-text-1936-114 bde-text\">\nAu c\u0153ur de la Masseria Cappella bat un c\u0153ur familial. Depuis des g\u00e9n\u00e9rations, la passion de la famille Trisolini guide le travail quotidien, transformant le soin du territoire en une mission de vie. C'est une histoire faite de visages et de mains qui se transmettent des savoirs anciens, accueillant chaque h\u00f4te avec l'authenticit\u00e9 de ceux qui aiment profond\u00e9ment leur terre et ses fruits.\n<\/div><h3 class=\"bde-heading-1936-122 bde-heading\">\nExcellence en Cha\u00eene Courte : Tradition et Innovation\n<\/h3><div class=\"bde-rich-text-1936-123 bde-rich-text breakdance-rich-text-styles\">\n<p>Notre philosophie allie le respect de la tradition rurale des Pouilles \u00e0 une force motrice constante vers <strong>l'innovation<\/strong>. Nous croyons que pr\u00e9server le pass\u00e9 signifie savoir le projeter dans le futur : de la gestion de la laiterie \u00e0 <strong>culture biologique<\/strong>, chaque \u00e9tape de notre <strong>fili\u00e8re courte<\/strong> vise \u00e0 garantir une <strong>qualit\u00e9 sup\u00e9rieure<\/strong>. Le lait, les c\u00e9r\u00e9ales et les l\u00e9gumes suivent un cycle ferm\u00e9 et <strong>durable<\/strong>, qui valorise les ressources locales et r\u00e9compense la fra\u00eecheur absolue.<\/p>\n<\/div>\n<\/div><\/div><div class=\"bde-columns-1936-145 bde-columns\"><div class=\"bde-column-1936-146 bde-column\">\n  \n  \n\t\n\n\n\n<h3 class=\"bde-heading-1936-126 bde-heading\">\nLe C\u0153ur Vert : Biodiversit\u00e9, P\u00e9dagogie et \u00c9v\u00e9nements\n<\/h3><div class=\"bde-rich-text-1936-127 bde-rich-text breakdance-rich-text-styles\">\n<p>Au-del\u00e0 des cours s'\u00e9tend le bois <strong>priv\u00e9 de l'entreprise<\/strong>, un poumon vert o\u00f9 la garrigue s'exprime dans toute sa richesse. Cet \u00e9cosyst\u00e8me intact n'est pas seulement une enclave de nature, mais une salle de classe \u00e0 ciel ouvert : \u00e0 travers <strong>ateliers p\u00e9dagogiques destin\u00e9s aux \u00e9coles<\/strong>, les nouvelles g\u00e9n\u00e9rations apprennent \u00e0 conna\u00eetre les rythmes de la terre. Sa beaut\u00e9 sauvage en fait, de plus, un cadre exceptionnel pour <strong>\u00e9v\u00e9nements exclusifs<\/strong>, l\u00e0 o\u00f9 le silence du bois rencontre l'\u00e9l\u00e9gance de la Masseria.<\/p>\n<\/div>\n<\/div><div class=\"bde-column-1936-149 bde-column\">\n  \n  \n\t\n\n\n\n\n<\/div><\/div><div class=\"bde-columns-1936-150 bde-columns\"><div class=\"bde-column-1936-151 bde-column\">\n  \n  \n\t\n\n\n\n\n<\/div><div class=\"bde-column-1936-152 bde-column\">\n  \n  \n\t\n\n\n\n<h3 class=\"bde-heading-1936-131 bde-heading\">\nCarrefour d'Histoire : Le Chemin de la Transhumance et les Grandes Routes\n<\/h3><div class=\"bde-rich-text-1936-134 bde-rich-text breakdance-rich-text-styles\">\n<p>La Masseria est la gardienne d'un paysage mill\u00e9naire, caress\u00e9 par l'ancien<strong> Chemin de la Transhumance<\/strong>. Notre emplacement strat\u00e9gique s'int\u00e8gre dans les itin\u00e9raires suggestifs de <strong>Route des Deux Mers<\/strong> et de la <strong>Via Hellas<\/strong>, rendant ainsi la propri\u00e9t\u00e9 une r\u00e9f\u00e9rence pour ceux qui pratiquent le tourisme lent. Parcourir ces sentiers entre murs en pierre s\u00e8che et flore rare, c'est prot\u00e9ger un patrimoine qui appartient \u00e0 l'avenir.<\/p>\n<\/div>\n<\/div><\/div><\/div>\n<\/section>","protected":false},"excerpt":{"rendered":"<p>Radici Profonde, Sguardo al Futuro La nostra storia La storia di Masseria Cappella \u00e8 intrinsecamente legata alla devozione e alle tradizioni del territorio pugliese. La Storia e l\u2019Origine del Nome Il nome stesso della struttura non \u00e8 frutto del caso, ma affonda le radici in una particolarit\u00e0 architettonica e linguistica locale. Nel dialetto del nostro [&hellip;]<\/p>\n","protected":false},"author":2,"featured_media":0,"parent":0,"menu_order":0,"comment_status":"closed","ping_status":"closed","template":"","meta":{"_breakdance_hide_in_design_set":false,"_breakdance_tags":"","footnotes":""},"class_list":["post-1936","page","type-page","status-publish","hentry"],"_links":{"self":[{"href":"https:\/\/masseriacappella.com\/fr\/wp-json\/wp\/v2\/pages\/1936","targetHints":{"allow":["GET"]}}],"collection":[{"href":"https:\/\/masseriacappella.com\/fr\/wp-json\/wp\/v2\/pages"}],"about":[{"href":"https:\/\/masseriacappella.com\/fr\/wp-json\/wp\/v2\/types\/page"}],"author":[{"embeddable":true,"href":"https:\/\/masseriacappella.com\/fr\/wp-json\/wp\/v2\/users\/2"}],"replies":[{"embeddable":true,"href":"https:\/\/masseriacappella.com\/fr\/wp-json\/wp\/v2\/comments?post=1936"}],"version-history":[{"count":47,"href":"https:\/\/masseriacappella.com\/fr\/wp-json\/wp\/v2\/pages\/1936\/revisions"}],"predecessor-version":[{"id":2355,"href":"https:\/\/masseriacappella.com\/fr\/wp-json\/wp\/v2\/pages\/1936\/revisions\/2355"}],"wp:attachment":[{"href":"https:\/\/masseriacappella.com\/fr\/wp-json\/wp\/v2\/media?parent=1936"}],"curies":[{"name":"wp","href":"https:\/\/api.w.org\/{rel}","templated":true}]}}