{"id":1932,"date":"2026-03-19T09:23:46","date_gmt":"2026-03-19T09:23:46","guid":{"rendered":"https:\/\/masseriacappella.com\/?page_id=1932"},"modified":"2026-04-07T09:52:47","modified_gmt":"2026-04-07T09:52:47","slug":"el-restaurante","status":"publish","type":"page","link":"https:\/\/masseriacappella.com\/es\/il-ristorante\/","title":{"rendered":"El restaurante"},"content":{"rendered":"<section class=\"bde-section-1932-100 bde-section\">\n              \n  \n  \n\t\n\n  <div class=\"section-background-overlay\"><\/div>\n\n\n<div class=\"section-container\"><div class=\"bde-div-1932-101 bde-div\">\n  \n  \n\t\n\n\n\n<div class=\"bde-text-1932-143 bde-text\">\nCALIDAD HECHA EN PUGLIA\n<\/div><h1 class=\"bde-heading-1932-102 bde-heading\">\nEl Restaurante\n<\/h1><div class=\"bde-text-1932-103 bde-text\">\nDescubre nuestra cocina con materias de nuestra producci\u00f3n a \"kil\u00f3metro cero\".\"\n<\/div>\n<\/div><div class=\"bde-icon-1932-111 bde-icon\">\n\n    \n            <div class=\"bde-icon-icon breakdance-icon-atom\" >\n    \n                    <svg xmlns=\"http:\/\/www.w3.org\/2000\/svg\" viewbox=\"0 0 448 512\"><!--! Font Awesome Free 6.5.1 by @fontawesome - https:\/\/fontawesome.com License - https:\/\/fontawesome.com\/license\/free (Icons: CC BY 4.0, Fonts: SIL OFL 1.1, Code: MIT License) Copyright 2023 Fonticons, Inc. --><path d=\"M201.4 342.6c12.5 12.5 32.8 12.5 45.3 0l160-160c12.5-12.5 12.5-32.8 0-45.3s-32.8-12.5-45.3 0L224 274.7 86.6 137.4c-12.5-12.5-32.8-12.5-45.3 0s-12.5 32.8 0 45.3l160 160z\"\/><\/svg>\n        \n        \n        \n            <\/div>\n    \n\n\n<\/div><\/div>\n<\/section><section id=\"scroll\" class=\"bde-section-1932-112 bde-section\">\n  \n  \n\t\n\n\n\n<div class=\"section-container\"><div class=\"bde-columns-1932-113 bde-columns\"><div class=\"bde-column-1932-114 bde-column\">\n  \n  \n\t\n\n\n\n<h3 class=\"bde-heading-1932-116 bde-heading\">\nUna Filiera Cortissima\n<\/h3><div class=\"bde-rich-text-1932-127 bde-rich-text breakdance-rich-text-styles\">\n<p>En Masseria Cappella, la cocina es el lugar donde la tierra se transforma en hospitalidad. Nuestra filosof\u00eda se resume en un concepto sencillo: de la tierra a la mesa en pocos metros. No es solo restauraci\u00f3n, es una celebraci\u00f3n diaria de nuestra identidad pugliesa y de los ritmos genuinos de la naturaleza.<\/p>\n\n<p>Ci piace definire la nostra proposta \u201c<strong>a cero metros<\/strong>\u201d: de hecho, solo hay unos pocos pasos que separan los lugares donde nacen las materias primas de las cocinas donde nuestros chefs las preparan. Esta cercan\u00eda absoluta garantiza una autenticidad y frescura imposibles de replicar en otro lugar, llevando al plato sabores verdaderos, vivos y honestos.<\/p>\n<\/div><img decoding=\"async\" class=\"bde-image2-1932-118 bde-image2\" src=\"https:\/\/masseriacappella.com\/wp-content\/uploads\/2026\/03\/ristorante-7.webp\" loading=\"lazy\" srcset=\"https:\/\/masseriacappella.com\/wp-content\/uploads\/2026\/03\/ristorante-7.webp 1082w, https:\/\/masseriacappella.com\/wp-content\/uploads\/2026\/03\/ristorante-7-200x300.webp 200w, https:\/\/masseriacappella.com\/wp-content\/uploads\/2026\/03\/ristorante-7-682x1024.webp 682w, https:\/\/masseriacappella.com\/wp-content\/uploads\/2026\/03\/ristorante-7-768x1153.webp 768w, https:\/\/masseriacappella.com\/wp-content\/uploads\/2026\/03\/ristorante-7-1023x1536.webp 1023w, https:\/\/masseriacappella.com\/wp-content\/uploads\/2026\/03\/ristorante-7-8x12.webp 8w\" sizes=\"(max-width: 1082px) 100vw, 1082px\">\n<\/div><div class=\"bde-column-1932-119 bde-column\">\n  \n  \n\t\n\n\n\n<img decoding=\"async\" class=\"bde-image2-1932-120 bde-image2\" src=\"https:\/\/masseriacappella.com\/wp-content\/uploads\/2026\/03\/ristorante-9.webp\" loading=\"lazy\" srcset=\"https:\/\/masseriacappella.com\/wp-content\/uploads\/2026\/03\/ristorante-9.webp 914w, https:\/\/masseriacappella.com\/wp-content\/uploads\/2026\/03\/ristorante-9-169x300.webp 169w, https:\/\/masseriacappella.com\/wp-content\/uploads\/2026\/03\/ristorante-9-576x1024.webp 576w, https:\/\/masseriacappella.com\/wp-content\/uploads\/2026\/03\/ristorante-9-768x1365.webp 768w, https:\/\/masseriacappella.com\/wp-content\/uploads\/2026\/03\/ristorante-9-864x1536.webp 864w, https:\/\/masseriacappella.com\/wp-content\/uploads\/2026\/03\/ristorante-9-7x12.webp 7w\" sizes=\"(max-width: 914px) 100vw, 914px\"><h3 class=\"bde-heading-1932-128 bde-heading\">\nMaterias Primas: Nuestro Orgullo\n<\/h3><div class=\"bde-text-1932-121 bde-text\">\nCada ingrediente cuenta nuestra historia. El pan, la focaccia, los taralli y las frise huelen al trigo de nuestros campos. La pasta, estirada con maestr\u00eda, acoge las salsas de la tradici\u00f3n, mientras que los quesos frescos y los embutidos artesanales representan la excelencia de nuestra queser\u00eda y nuestra ganader\u00eda. Para todo aquello que no producimos directamente, como las verduras de temporada, recurrimos exclusivamente a los peque\u00f1os productores de la zona, seleccionados por su dedicaci\u00f3n a la calidad.\n<\/div>\n<\/div><\/div><div class=\"bde-columns-1932-144 bde-columns\"><div class=\"bde-column-1932-145 bde-column\">\n  \n  \n\t\n\n\n\n<img decoding=\"async\" class=\"bde-image2-1932-148 bde-image2\" src=\"https:\/\/masseriacappella.com\/wp-content\/uploads\/2026\/03\/ristorante-6.webp\" loading=\"lazy\" srcset=\"https:\/\/masseriacappella.com\/wp-content\/uploads\/2026\/03\/ristorante-6.webp 914w, https:\/\/masseriacappella.com\/wp-content\/uploads\/2026\/03\/ristorante-6-169x300.webp 169w, https:\/\/masseriacappella.com\/wp-content\/uploads\/2026\/03\/ristorante-6-576x1024.webp 576w, https:\/\/masseriacappella.com\/wp-content\/uploads\/2026\/03\/ristorante-6-768x1365.webp 768w, https:\/\/masseriacappella.com\/wp-content\/uploads\/2026\/03\/ristorante-6-864x1536.webp 864w, https:\/\/masseriacappella.com\/wp-content\/uploads\/2026\/03\/ristorante-6-7x12.webp 7w\" sizes=\"(max-width: 914px) 100vw, 914px\">\n<\/div><div class=\"bde-column-1932-149 bde-column\">\n  \n  \n\t\n\n\n\n<img decoding=\"async\" class=\"bde-image2-1932-150 bde-image2\" src=\"https:\/\/masseriacappella.com\/wp-content\/uploads\/2026\/03\/ristorante-5.webp\" loading=\"lazy\" srcset=\"https:\/\/masseriacappella.com\/wp-content\/uploads\/2026\/03\/ristorante-5.webp 1082w, https:\/\/masseriacappella.com\/wp-content\/uploads\/2026\/03\/ristorante-5-200x300.webp 200w, https:\/\/masseriacappella.com\/wp-content\/uploads\/2026\/03\/ristorante-5-682x1024.webp 682w, https:\/\/masseriacappella.com\/wp-content\/uploads\/2026\/03\/ristorante-5-768x1153.webp 768w, https:\/\/masseriacappella.com\/wp-content\/uploads\/2026\/03\/ristorante-5-1023x1536.webp 1023w, https:\/\/masseriacappella.com\/wp-content\/uploads\/2026\/03\/ristorante-5-8x12.webp 8w\" sizes=\"(max-width: 1082px) 100vw, 1082px\">\n<\/div><\/div><div class=\"bde-div-1932-136 bde-div\">\n  \n  \n\t\n\n\n\n<div class=\"bde-div-1932-137 bde-div\">\n  \n  \n\t\n\n\n\n<h4 class=\"bde-heading-1932-138 bde-heading\">\nReserva el restaurante ahora\n<\/h4><div class=\"bde-text-1932-139 bde-text\">\nCont\u00e1ctanos para reservar una mesa\n<\/div>\n<\/div><div class=\"bde-div-1932-140 bde-div\">\n  \n  \n\t\n\n\n\n<div class=\"bde-icon-list-1932-142 bde-icon-list\">\n<ul>\n  \n              \n    <li>\n                      \n            \n            \n\n    \n    \n    \n    \n    \n    <a class=\"breakdance-link bde-icon-list__item-wrapper\" href=\"tel:00393911532047\" target=\"_self\" data-type=\"url\"  >\n\n      \n      <span class='bde-icon-list__icon'>\n        <svg xmlns=\"http:\/\/www.w3.org\/2000\/svg\" id=\"icon-phone\" viewbox=\"0 0 32 32\">\n<path d=\"M22 20c-2 2-2 4-4 4s-4-2-6-4-4-4-4-6 2-2 4-4-4-8-6-8-6 6-6 6c0 4 4.109 12.109 8 16s12 8 16 8c0 0 6-4 6-6s-6-8-8-6z\"\/>\n<\/svg>\n      <\/span>\n      <span class='bde-icon-list__text' >\n      +39 3911532047\n      <\/span>\n                  <\/a>\n\n      \n    <\/li>\n\n  \n              \n    <li>\n                      \n            \n            \n\n    \n    \n    \n    \n    \n    <a class=\"breakdance-link bde-icon-list__item-wrapper\" href=\"mailto:ristorante@masseriacappella.it\" target=\"_self\" data-type=\"url\"  >\n\n      \n      <span class='bde-icon-list__icon'>\n        <svg xmlns=\"http:\/\/www.w3.org\/2000\/svg\" viewbox=\"0 0 512 512\"><!--! Font Awesome Free 6.5.1 by @fontawesome - https:\/\/fontawesome.com License - https:\/\/fontawesome.com\/license\/free (Icons: CC BY 4.0, Fonts: SIL OFL 1.1, Code: MIT License) Copyright 2023 Fonticons, Inc. --><path d=\"M64 112c-8.8 0-16 7.2-16 16v22.1L220.5 291.7c20.7 17 50.4 17 71.1 0L464 150.1V128c0-8.8-7.2-16-16-16H64zM48 212.2V384c0 8.8 7.2 16 16 16H448c8.8 0 16-7.2 16-16V212.2L322 328.8c-38.4 31.5-93.7 31.5-132 0L48 212.2zM0 128C0 92.7 28.7 64 64 64H448c35.3 0 64 28.7 64 64V384c0 35.3-28.7 64-64 64H64c-35.3 0-64-28.7-64-64V128z\"\/><\/svg>\n      <\/span>\n      <span class='bde-icon-list__text' >\n      ristorante@masseriacappella.it\n      <\/span>\n                  <\/a>\n\n      \n    <\/li>\n\n  <\/ul>\n\n<\/div>\n<\/div>\n<\/div><\/div>\n<\/section>","protected":false},"excerpt":{"rendered":"<p>QUALIT\u00c0 MADE IN PUGLIA Il Ristorante Scopri la nostra cucina con materie di nostra produzione a &#8220;metro zero&#8221; Una Filiera Cortissima In Masseria Cappella, la cucina e\u0300 il luogo dove la terra si trasforma in accoglienza. La nostra filosofia si riassume in un concetto semplice: dalla terra alla tavola in pochi metri. Non e\u0300 solo [&hellip;]<\/p>\n","protected":false},"author":2,"featured_media":0,"parent":0,"menu_order":0,"comment_status":"closed","ping_status":"closed","template":"","meta":{"_breakdance_hide_in_design_set":false,"_breakdance_tags":"","footnotes":""},"class_list":["post-1932","page","type-page","status-publish","hentry"],"_links":{"self":[{"href":"https:\/\/masseriacappella.com\/es\/wp-json\/wp\/v2\/pages\/1932","targetHints":{"allow":["GET"]}}],"collection":[{"href":"https:\/\/masseriacappella.com\/es\/wp-json\/wp\/v2\/pages"}],"about":[{"href":"https:\/\/masseriacappella.com\/es\/wp-json\/wp\/v2\/types\/page"}],"author":[{"embeddable":true,"href":"https:\/\/masseriacappella.com\/es\/wp-json\/wp\/v2\/users\/2"}],"replies":[{"embeddable":true,"href":"https:\/\/masseriacappella.com\/es\/wp-json\/wp\/v2\/comments?post=1932"}],"version-history":[{"count":29,"href":"https:\/\/masseriacappella.com\/es\/wp-json\/wp\/v2\/pages\/1932\/revisions"}],"predecessor-version":[{"id":2342,"href":"https:\/\/masseriacappella.com\/es\/wp-json\/wp\/v2\/pages\/1932\/revisions\/2342"}],"wp:attachment":[{"href":"https:\/\/masseriacappella.com\/es\/wp-json\/wp\/v2\/media?parent=1932"}],"curies":[{"name":"wp","href":"https:\/\/api.w.org\/{rel}","templated":true}]}}