{"id":1918,"date":"2026-03-19T09:21:00","date_gmt":"2026-03-19T09:21:00","guid":{"rendered":"https:\/\/masseriacappella.com\/?page_id=1918"},"modified":"2026-04-07T09:43:34","modified_gmt":"2026-04-07T09:43:34","slug":"le-nostre-produzioni","status":"publish","type":"page","link":"https:\/\/masseriacappella.com\/es\/le-nostre-produzioni\/","title":{"rendered":"Nuestras producciones"},"content":{"rendered":"<section class=\"bde-section-1918-100 bde-section\">\n              \n  \n  \n\t\n\n  <div class=\"section-background-overlay\"><\/div>\n\n\n<div class=\"section-container\"><div class=\"bde-text-1918-122 bde-text\">\nUn Ritorno all'Essenza\n<\/div><div class=\"bde-div-1918-101 bde-div\">\n  \n  \n\t\n\n\n\n<h1 class=\"bde-heading-1918-102 bde-heading\">\nLe Nostre Produzioni\n<\/h1><div class=\"bde-text-1918-103 bde-text\">\nIn Masseria Cappella, la produzione non \u00e8 un processo industriale, ma un rito quotidiano che onora la terra. La nostra filiera corta garantisce che ogni prodotto porti con s\u00e9 l\u2019integrit\u00e0 del territorio, dal pascolo alla tavola.<br>\n<\/div>\n<\/div><div class=\"bde-icon-1918-104 bde-icon\">\n\n    \n            <div class=\"bde-icon-icon breakdance-icon-atom\" >\n    \n                    <svg xmlns=\"http:\/\/www.w3.org\/2000\/svg\" viewbox=\"0 0 448 512\"><!--! Font Awesome Free 6.5.1 by @fontawesome - https:\/\/fontawesome.com License - https:\/\/fontawesome.com\/license\/free (Icons: CC BY 4.0, Fonts: SIL OFL 1.1, Code: MIT License) Copyright 2023 Fonticons, Inc. --><path d=\"M201.4 342.6c12.5 12.5 32.8 12.5 45.3 0l160-160c12.5-12.5 12.5-32.8 0-45.3s-32.8-12.5-45.3 0L224 274.7 86.6 137.4c-12.5-12.5-32.8-12.5-45.3 0s-12.5 32.8 0 45.3l160 160z\"\/><\/svg>\n        \n        \n        \n            <\/div>\n    \n\n\n<\/div><\/div>\n<\/section><section id=\"scroll\" class=\"bde-section-1918-105 bde-section\">\n  \n  \n\t\n\n\n\n<div class=\"section-container\"><div class=\"bde-columns-1918-106 bde-columns\"><div class=\"bde-column-1918-107 bde-column\">\n  \n  \n\t\n\n\n\n<h3 class=\"bde-heading-1918-108 bde-heading\">\nL\u2019Allevamento: Il Benessere Animale come Fonte di Qualit\u00e0\n<\/h3><div class=\"bde-rich-text-1918-109 bde-rich-text breakdance-rich-text-styles\">\n<p>Il cuore pulsante della nostra Masseria \u00e8 l\u2019allevamento, dove il <strong>benessere animale<\/strong> rappresenta la nostra priorit\u00e0 assoluta e il fondamento etico di ogni nostra attivit\u00e0. Siamo fermamente convinti che la qualit\u00e0 superiore del latte inizi dalla serenit\u00e0 dell'animale: una mucca che vive secondo ritmi naturali, rispettata nei suoi spazi e nelle sue esigenze, \u00e8 l\u2019unica in grado di donare una materia prima d'eccellenza. Quel latte, integro e ricco di propriet\u00e0 organolettiche, \u00e8 lo stesso che utilizziamo quotidianamente per produrre i formaggi che portiamo in tavola, garantendo cos\u00ec un alimento sano, etico e nutriente per noi e per i nostri ospiti.<\/p>\n<\/div>\n<\/div><div class=\"bde-column-1918-111 bde-column\">\n  \n  \n\t\n\n\n\n<div class=\"bde-gallery-1918-123 bde-gallery\">\n\n\n  \n\n\n\n\n\n\n\n\n\n\n<div class=\"ee-gallery ee-gallery--default ee-gallery--grid ee-gallery--single ee-gallery--lightbox ee-gallery-- ee-gallery--caption- ee-gallery--caption-none ee-gallery--ratio\">\n                  \n      <a class=\"ee-gallery-item ee-gallery-item--image ee-gallery-item--single\" href=\"https:\/\/masseriacappella.com\/wp-content\/uploads\/2026\/03\/la-masseria-allevamento-6.webp\"  data-sub-html=\"<span><\/span>\" data-category=\"1\"                  data-lg-size=\"1440-1920\"\n\n      >\n        <figure class=\"ee-gallery-item-figure\">\n                        <img decoding=\"async\" class=\"breakdance-image-object\" src=\"https:\/\/masseriacappella.com\/wp-content\/uploads\/2026\/03\/la-masseria-allevamento-6-768x1024.webp\" width=\"768\" height=\"1024\" srcset=\"https:\/\/masseriacappella.com\/wp-content\/uploads\/2026\/03\/la-masseria-allevamento-6.webp 1440w, https:\/\/masseriacappella.com\/wp-content\/uploads\/2026\/03\/la-masseria-allevamento-6-225x300.webp 225w, https:\/\/masseriacappella.com\/wp-content\/uploads\/2026\/03\/la-masseria-allevamento-6-768x1024.webp 768w, https:\/\/masseriacappella.com\/wp-content\/uploads\/2026\/03\/la-masseria-allevamento-6-1152x1536.webp 1152w, https:\/\/masseriacappella.com\/wp-content\/uploads\/2026\/03\/la-masseria-allevamento-6-9x12.webp 9w\" sizes=\"auto, (max-width: 1440px) 100vw, 1440px\" loading=\"lazy\">\n          \n                  <\/figure>\n      <\/a>\n\n                \n      <a class=\"ee-gallery-item ee-gallery-item--image ee-gallery-item--single\" href=\"https:\/\/masseriacappella.com\/wp-content\/uploads\/2026\/03\/la-masseria-allevamento-1.webp\"  data-sub-html=\"<span><\/span>\" data-category=\"1\"                  data-lg-size=\"1440-1920\"\n\n      >\n        <figure class=\"ee-gallery-item-figure\">\n                        <img decoding=\"async\" class=\"breakdance-image-object\" src=\"https:\/\/masseriacappella.com\/wp-content\/uploads\/2026\/03\/la-masseria-allevamento-1-768x1024.webp\" width=\"768\" height=\"1024\" srcset=\"https:\/\/masseriacappella.com\/wp-content\/uploads\/2026\/03\/la-masseria-allevamento-1.webp 1440w, https:\/\/masseriacappella.com\/wp-content\/uploads\/2026\/03\/la-masseria-allevamento-1-225x300.webp 225w, https:\/\/masseriacappella.com\/wp-content\/uploads\/2026\/03\/la-masseria-allevamento-1-768x1024.webp 768w, https:\/\/masseriacappella.com\/wp-content\/uploads\/2026\/03\/la-masseria-allevamento-1-1152x1536.webp 1152w, https:\/\/masseriacappella.com\/wp-content\/uploads\/2026\/03\/la-masseria-allevamento-1-9x12.webp 9w\" sizes=\"auto, (max-width: 1440px) 100vw, 1440px\" loading=\"lazy\">\n          \n                  <\/figure>\n      <\/a>\n\n                \n      <a class=\"ee-gallery-item ee-gallery-item--image ee-gallery-item--single\" href=\"https:\/\/masseriacappella.com\/wp-content\/uploads\/2026\/03\/la-masseria-allevamento-10.webp\"  data-sub-html=\"<span><\/span>\" data-category=\"1\"                  data-lg-size=\"1440-1920\"\n\n      >\n        <figure class=\"ee-gallery-item-figure\">\n                        <img decoding=\"async\" class=\"breakdance-image-object\" src=\"https:\/\/masseriacappella.com\/wp-content\/uploads\/2026\/03\/la-masseria-allevamento-10-768x1024.webp\" width=\"768\" height=\"1024\" srcset=\"https:\/\/masseriacappella.com\/wp-content\/uploads\/2026\/03\/la-masseria-allevamento-10.webp 1440w, https:\/\/masseriacappella.com\/wp-content\/uploads\/2026\/03\/la-masseria-allevamento-10-225x300.webp 225w, https:\/\/masseriacappella.com\/wp-content\/uploads\/2026\/03\/la-masseria-allevamento-10-768x1024.webp 768w, https:\/\/masseriacappella.com\/wp-content\/uploads\/2026\/03\/la-masseria-allevamento-10-1152x1536.webp 1152w, https:\/\/masseriacappella.com\/wp-content\/uploads\/2026\/03\/la-masseria-allevamento-10-9x12.webp 9w\" sizes=\"auto, (max-width: 1440px) 100vw, 1440px\" loading=\"lazy\">\n          \n                  <\/figure>\n      <\/a>\n\n                \n      <a class=\"ee-gallery-item ee-gallery-item--image ee-gallery-item--single\" href=\"https:\/\/masseriacappella.com\/wp-content\/uploads\/2026\/03\/la-masseria-allevamento-3.webp\"  data-sub-html=\"<span><\/span>\" data-category=\"1\"                  data-lg-size=\"1440-1920\"\n\n      >\n        <figure class=\"ee-gallery-item-figure\">\n                        <img decoding=\"async\" class=\"breakdance-image-object\" src=\"https:\/\/masseriacappella.com\/wp-content\/uploads\/2026\/03\/la-masseria-allevamento-3-768x1024.webp\" width=\"768\" height=\"1024\" srcset=\"https:\/\/masseriacappella.com\/wp-content\/uploads\/2026\/03\/la-masseria-allevamento-3.webp 1440w, https:\/\/masseriacappella.com\/wp-content\/uploads\/2026\/03\/la-masseria-allevamento-3-225x300.webp 225w, https:\/\/masseriacappella.com\/wp-content\/uploads\/2026\/03\/la-masseria-allevamento-3-768x1024.webp 768w, https:\/\/masseriacappella.com\/wp-content\/uploads\/2026\/03\/la-masseria-allevamento-3-1152x1536.webp 1152w, https:\/\/masseriacappella.com\/wp-content\/uploads\/2026\/03\/la-masseria-allevamento-3-9x12.webp 9w\" sizes=\"auto, (max-width: 1440px) 100vw, 1440px\" loading=\"lazy\">\n          \n                  <\/figure>\n      <\/a>\n\n      \n  <\/div>\n\n\n\n<\/div>\n<\/div><\/div><\/div>\n<\/section><section id=\"scroll\" class=\"bde-section-1918-124 bde-section\">\n  \n  \n\t\n\n\n\n<div class=\"section-container\"><div class=\"bde-columns-1918-125 bde-columns\"><div class=\"bde-column-1918-129 bde-column\">\n  \n  \n\t\n\n\n\n<div class=\"bde-gallery-1918-130 bde-gallery\">\n\n\n  \n\n\n\n\n\n\n\n\n\n\n<div class=\"ee-gallery ee-gallery--default ee-gallery--grid ee-gallery--single ee-gallery--lightbox ee-gallery-- ee-gallery--caption- ee-gallery--caption-none ee-gallery--ratio\">\n                  \n      <a class=\"ee-gallery-item ee-gallery-item--image ee-gallery-item--single\" href=\"https:\/\/masseriacappella.com\/wp-content\/uploads\/2026\/03\/laboratorio-caseificio-5.webp\"  data-sub-html=\"<span><\/span>\" data-category=\"1\"                  data-lg-size=\"1440-1920\"\n\n      >\n        <figure class=\"ee-gallery-item-figure\">\n                        <img decoding=\"async\" class=\"breakdance-image-object\" src=\"https:\/\/masseriacappella.com\/wp-content\/uploads\/2026\/03\/laboratorio-caseificio-5-768x1024.webp\" width=\"768\" height=\"1024\" srcset=\"https:\/\/masseriacappella.com\/wp-content\/uploads\/2026\/03\/laboratorio-caseificio-5.webp 1440w, https:\/\/masseriacappella.com\/wp-content\/uploads\/2026\/03\/laboratorio-caseificio-5-225x300.webp 225w, https:\/\/masseriacappella.com\/wp-content\/uploads\/2026\/03\/laboratorio-caseificio-5-768x1024.webp 768w, https:\/\/masseriacappella.com\/wp-content\/uploads\/2026\/03\/laboratorio-caseificio-5-1152x1536.webp 1152w, https:\/\/masseriacappella.com\/wp-content\/uploads\/2026\/03\/laboratorio-caseificio-5-9x12.webp 9w\" sizes=\"auto, (max-width: 1440px) 100vw, 1440px\" loading=\"lazy\">\n          \n                  <\/figure>\n      <\/a>\n\n                \n      <a class=\"ee-gallery-item ee-gallery-item--image ee-gallery-item--single\" href=\"https:\/\/masseriacappella.com\/wp-content\/uploads\/2026\/03\/laboratorio-caseificio-3.webp\"  data-sub-html=\"<span><\/span>\" data-category=\"1\"                  data-lg-size=\"1440-1920\"\n\n      >\n        <figure class=\"ee-gallery-item-figure\">\n                        <img decoding=\"async\" class=\"breakdance-image-object\" src=\"https:\/\/masseriacappella.com\/wp-content\/uploads\/2026\/03\/laboratorio-caseificio-3-768x1024.webp\" width=\"768\" height=\"1024\" srcset=\"https:\/\/masseriacappella.com\/wp-content\/uploads\/2026\/03\/laboratorio-caseificio-3.webp 1440w, https:\/\/masseriacappella.com\/wp-content\/uploads\/2026\/03\/laboratorio-caseificio-3-225x300.webp 225w, https:\/\/masseriacappella.com\/wp-content\/uploads\/2026\/03\/laboratorio-caseificio-3-768x1024.webp 768w, https:\/\/masseriacappella.com\/wp-content\/uploads\/2026\/03\/laboratorio-caseificio-3-1152x1536.webp 1152w, https:\/\/masseriacappella.com\/wp-content\/uploads\/2026\/03\/laboratorio-caseificio-3-9x12.webp 9w\" sizes=\"auto, (max-width: 1440px) 100vw, 1440px\" loading=\"lazy\">\n          \n                  <\/figure>\n      <\/a>\n\n                \n      <a class=\"ee-gallery-item ee-gallery-item--image ee-gallery-item--single\" href=\"https:\/\/masseriacappella.com\/wp-content\/uploads\/2026\/03\/laboratorio-caseificio-11.webp\"  data-sub-html=\"<span><\/span>\" data-category=\"1\"                  data-lg-size=\"1440-1920\"\n\n      >\n        <figure class=\"ee-gallery-item-figure\">\n                        <img decoding=\"async\" class=\"breakdance-image-object\" src=\"https:\/\/masseriacappella.com\/wp-content\/uploads\/2026\/03\/laboratorio-caseificio-11-768x1024.webp\" width=\"768\" height=\"1024\" srcset=\"https:\/\/masseriacappella.com\/wp-content\/uploads\/2026\/03\/laboratorio-caseificio-11.webp 1440w, https:\/\/masseriacappella.com\/wp-content\/uploads\/2026\/03\/laboratorio-caseificio-11-225x300.webp 225w, https:\/\/masseriacappella.com\/wp-content\/uploads\/2026\/03\/laboratorio-caseificio-11-768x1024.webp 768w, https:\/\/masseriacappella.com\/wp-content\/uploads\/2026\/03\/laboratorio-caseificio-11-1152x1536.webp 1152w, https:\/\/masseriacappella.com\/wp-content\/uploads\/2026\/03\/laboratorio-caseificio-11-9x12.webp 9w\" sizes=\"auto, (max-width: 1440px) 100vw, 1440px\" loading=\"lazy\">\n          \n                  <\/figure>\n      <\/a>\n\n                \n      <a class=\"ee-gallery-item ee-gallery-item--image ee-gallery-item--single\" href=\"https:\/\/masseriacappella.com\/wp-content\/uploads\/2026\/03\/laboratorio-caseificio-12.webp\"  data-sub-html=\"<span><\/span>\" data-category=\"1\"                  data-lg-size=\"1920-1850\"\n\n      >\n        <figure class=\"ee-gallery-item-figure\">\n                        <img decoding=\"async\" class=\"breakdance-image-object\" src=\"https:\/\/masseriacappella.com\/wp-content\/uploads\/2026\/03\/laboratorio-caseificio-12-1024x987.webp\" width=\"1024\" height=\"987\" srcset=\"https:\/\/masseriacappella.com\/wp-content\/uploads\/2026\/03\/laboratorio-caseificio-12.webp 1920w, https:\/\/masseriacappella.com\/wp-content\/uploads\/2026\/03\/laboratorio-caseificio-12-300x289.webp 300w, https:\/\/masseriacappella.com\/wp-content\/uploads\/2026\/03\/laboratorio-caseificio-12-1024x987.webp 1024w, https:\/\/masseriacappella.com\/wp-content\/uploads\/2026\/03\/laboratorio-caseificio-12-768x740.webp 768w, https:\/\/masseriacappella.com\/wp-content\/uploads\/2026\/03\/laboratorio-caseificio-12-1536x1480.webp 1536w, https:\/\/masseriacappella.com\/wp-content\/uploads\/2026\/03\/laboratorio-caseificio-12-12x12.webp 12w\" sizes=\"auto, (max-width: 1920px) 100vw, 1920px\" loading=\"lazy\">\n          \n                  <\/figure>\n      <\/a>\n\n      \n  <\/div>\n\n\n\n<\/div>\n<\/div><div class=\"bde-column-1918-126 bde-column\">\n  \n  \n\t\n\n\n\n<h3 class=\"bde-heading-1918-127 bde-heading\">\nIl Caseificio: L'Arte della Trasformazione\n<\/h3><div class=\"bde-rich-text-1918-128 bde-rich-text breakdance-rich-text-styles\">\n<p>La freschezza delle nostre produzioni casearie \u00e8 garantita da una vicinanza che non conosce compromessi. Il latte munto nelle nostre stalle non subisce alcuno stress da trasporto, poich\u00e9 viene lavorato e trasformato a pochi passi dai pascoli, nel cuore del nostro <strong>caseificio artigianale<\/strong>. Questa trasformazione immediata permette ai nostri maestri casari di preservare intatte tutte le sfumature aromatiche e le caratteristiche naturali del latte appena munto. Qui, l'antico mestiere della caseificazione si sposa con la purezza della materia prima, dando vita a mozzarelle, caciocavalli e formaggi che sono l'espressione pi\u00f9 autentica e genuina del nostro territorio.<\/p>\n<\/div>\n<\/div><\/div><\/div>\n<\/section><section id=\"scroll\" class=\"bde-section-1918-145 bde-section\">\n  \n  \n\t\n\n\n\n<div class=\"section-container\"><div class=\"bde-columns-1918-146 bde-columns\"><div class=\"bde-column-1918-149 bde-column\">\n  \n  \n\t\n\n\n\n<h3 class=\"bde-heading-1918-150 bde-heading\">\nIl Forno e la Pasta: L'Anima dei Nostri Grani Antichi\n<\/h3><div class=\"bde-rich-text-1918-151 bde-rich-text breakdance-rich-text-styles\">\n<p>La nostra produzione da forno e la nostra pasta nascono direttamente dai campi della Masseria, dove coltiviamo con dedizione tre variet\u00e0 di cereali selezionati: il <strong>Grano Tenero<\/strong>, il <strong>Grano Duro<\/strong> e il pregiato <strong>Senatore Cappelli<\/strong>, un grano antico celebre per le sue straordinarie qualit\u00e0 nutrizionali e il suo legame storico con la nostra terra. Seguiamo con rigore l'intero ciclo colturale, dalla semina alla raccolta, per ricavare farine purissime che conservano tutto il profumo e la forza del chicco originale. Queste farine diventano l\u2019anima pulsante di ogni nostra creazione artigianale, trasformando gesti antichi in prodotti che celebrano quotidianamente la biodiversit\u00e0 e la ricchezza della tradizione cerealicola pugliese.<\/p>\n<\/div>\n<\/div><div class=\"bde-column-1918-147 bde-column\">\n  \n  \n\t\n\n\n\n<div class=\"bde-gallery-1918-148 bde-gallery\">\n\n\n  \n\n\n\n\n\n\n\n\n\n\n<div class=\"ee-gallery ee-gallery--default ee-gallery--grid ee-gallery--single ee-gallery--lightbox ee-gallery-- ee-gallery--caption- ee-gallery--caption-none ee-gallery--ratio\">\n                  \n      <a class=\"ee-gallery-item ee-gallery-item--image ee-gallery-item--single\" href=\"https:\/\/masseriacappella.com\/wp-content\/uploads\/2026\/03\/la-masseria-8.webp\"  data-sub-html=\"<span><\/span>\" data-category=\"1\"                  data-lg-size=\"1440-1920\"\n\n      >\n        <figure class=\"ee-gallery-item-figure\">\n                        <img decoding=\"async\" class=\"breakdance-image-object\" src=\"https:\/\/masseriacappella.com\/wp-content\/uploads\/2026\/03\/la-masseria-8-768x1024.webp\" width=\"768\" height=\"1024\" srcset=\"https:\/\/masseriacappella.com\/wp-content\/uploads\/2026\/03\/la-masseria-8.webp 1440w, https:\/\/masseriacappella.com\/wp-content\/uploads\/2026\/03\/la-masseria-8-225x300.webp 225w, https:\/\/masseriacappella.com\/wp-content\/uploads\/2026\/03\/la-masseria-8-768x1024.webp 768w, https:\/\/masseriacappella.com\/wp-content\/uploads\/2026\/03\/la-masseria-8-1152x1536.webp 1152w, https:\/\/masseriacappella.com\/wp-content\/uploads\/2026\/03\/la-masseria-8-9x12.webp 9w\" sizes=\"auto, (max-width: 1440px) 100vw, 1440px\" loading=\"lazy\">\n          \n                  <\/figure>\n      <\/a>\n\n                \n      <a class=\"ee-gallery-item ee-gallery-item--image ee-gallery-item--single\" href=\"https:\/\/masseriacappella.com\/wp-content\/uploads\/2026\/03\/laboratorio-pasta-1.webp\"  data-sub-html=\"<span><\/span>\" data-category=\"1\"                  data-lg-size=\"1440-1920\"\n\n      >\n        <figure class=\"ee-gallery-item-figure\">\n                        <img decoding=\"async\" class=\"breakdance-image-object\" src=\"https:\/\/masseriacappella.com\/wp-content\/uploads\/2026\/03\/laboratorio-pasta-1-768x1024.webp\" width=\"768\" height=\"1024\" srcset=\"https:\/\/masseriacappella.com\/wp-content\/uploads\/2026\/03\/laboratorio-pasta-1.webp 1440w, https:\/\/masseriacappella.com\/wp-content\/uploads\/2026\/03\/laboratorio-pasta-1-225x300.webp 225w, https:\/\/masseriacappella.com\/wp-content\/uploads\/2026\/03\/laboratorio-pasta-1-768x1024.webp 768w, https:\/\/masseriacappella.com\/wp-content\/uploads\/2026\/03\/laboratorio-pasta-1-1152x1536.webp 1152w, https:\/\/masseriacappella.com\/wp-content\/uploads\/2026\/03\/laboratorio-pasta-1-9x12.webp 9w\" sizes=\"auto, (max-width: 1440px) 100vw, 1440px\" loading=\"lazy\">\n          \n                  <\/figure>\n      <\/a>\n\n                \n      <a class=\"ee-gallery-item ee-gallery-item--image ee-gallery-item--single\" href=\"https:\/\/masseriacappella.com\/wp-content\/uploads\/2026\/03\/masseria-cappella-esperienze-4.webp\"  data-sub-html=\"<span><\/span>\" data-category=\"1\"                  data-lg-size=\"800-500\"\n\n      >\n        <figure class=\"ee-gallery-item-figure\">\n                        <img decoding=\"async\" class=\"breakdance-image-object\" src=\"https:\/\/masseriacappella.com\/wp-content\/uploads\/2026\/03\/masseria-cappella-esperienze-4.webp\" width=\"800\" height=\"500\" srcset=\"https:\/\/masseriacappella.com\/wp-content\/uploads\/2026\/03\/masseria-cappella-esperienze-4.webp 800w, https:\/\/masseriacappella.com\/wp-content\/uploads\/2026\/03\/masseria-cappella-esperienze-4-300x188.webp 300w, https:\/\/masseriacappella.com\/wp-content\/uploads\/2026\/03\/masseria-cappella-esperienze-4-768x480.webp 768w, https:\/\/masseriacappella.com\/wp-content\/uploads\/2026\/03\/masseria-cappella-esperienze-4-18x12.webp 18w\" sizes=\"auto, (max-width: 800px) 100vw, 800px\" loading=\"lazy\">\n          \n                  <\/figure>\n      <\/a>\n\n                \n      <a class=\"ee-gallery-item ee-gallery-item--image ee-gallery-item--single\" href=\"https:\/\/masseriacappella.com\/wp-content\/uploads\/2026\/04\/le-nostre-produzioni.webp\"  data-sub-html=\"<span><\/span>\" data-category=\"1\"                  data-lg-size=\"1600-1066\"\n\n      >\n        <figure class=\"ee-gallery-item-figure\">\n                        <img decoding=\"async\" class=\"breakdance-image-object\" src=\"https:\/\/masseriacappella.com\/wp-content\/uploads\/2026\/04\/le-nostre-produzioni-1024x682.webp\" width=\"1024\" height=\"682\" srcset=\"https:\/\/masseriacappella.com\/wp-content\/uploads\/2026\/04\/le-nostre-produzioni.webp 1600w, https:\/\/masseriacappella.com\/wp-content\/uploads\/2026\/04\/le-nostre-produzioni-300x200.webp 300w, https:\/\/masseriacappella.com\/wp-content\/uploads\/2026\/04\/le-nostre-produzioni-1024x682.webp 1024w, https:\/\/masseriacappella.com\/wp-content\/uploads\/2026\/04\/le-nostre-produzioni-768x512.webp 768w, https:\/\/masseriacappella.com\/wp-content\/uploads\/2026\/04\/le-nostre-produzioni-1536x1023.webp 1536w, https:\/\/masseriacappella.com\/wp-content\/uploads\/2026\/04\/le-nostre-produzioni-18x12.webp 18w\" sizes=\"auto, (max-width: 1600px) 100vw, 1600px\" loading=\"lazy\">\n          \n                  <\/figure>\n      <\/a>\n\n      \n  <\/div>\n\n\n\n<\/div>\n<\/div><\/div><\/div>\n<\/section>","protected":false},"excerpt":{"rendered":"<p>Un Ritorno all&#8217;Essenza Le Nostre Produzioni In Masseria Cappella, la produzione non \u00e8 un processo industriale, ma un rito quotidiano che onora la terra. La nostra filiera corta garantisce che ogni prodotto porti con s\u00e9 l\u2019integrit\u00e0 del territorio, dal pascolo alla tavola. L\u2019Allevamento: Il Benessere Animale come Fonte di Qualit\u00e0 Il cuore pulsante della nostra [&hellip;]<\/p>\n","protected":false},"author":2,"featured_media":0,"parent":0,"menu_order":0,"comment_status":"closed","ping_status":"closed","template":"","meta":{"_breakdance_hide_in_design_set":false,"_breakdance_tags":"","footnotes":""},"class_list":["post-1918","page","type-page","status-publish","hentry"],"_links":{"self":[{"href":"https:\/\/masseriacappella.com\/es\/wp-json\/wp\/v2\/pages\/1918","targetHints":{"allow":["GET"]}}],"collection":[{"href":"https:\/\/masseriacappella.com\/es\/wp-json\/wp\/v2\/pages"}],"about":[{"href":"https:\/\/masseriacappella.com\/es\/wp-json\/wp\/v2\/types\/page"}],"author":[{"embeddable":true,"href":"https:\/\/masseriacappella.com\/es\/wp-json\/wp\/v2\/users\/2"}],"replies":[{"embeddable":true,"href":"https:\/\/masseriacappella.com\/es\/wp-json\/wp\/v2\/comments?post=1918"}],"version-history":[{"count":23,"href":"https:\/\/masseriacappella.com\/es\/wp-json\/wp\/v2\/pages\/1918\/revisions"}],"predecessor-version":[{"id":2333,"href":"https:\/\/masseriacappella.com\/es\/wp-json\/wp\/v2\/pages\/1918\/revisions\/2333"}],"wp:attachment":[{"href":"https:\/\/masseriacappella.com\/es\/wp-json\/wp\/v2\/media?parent=1918"}],"curies":[{"name":"wp","href":"https:\/\/api.w.org\/{rel}","templated":true}]}}